{"id":91,"date":"2019-02-10T18:33:23","date_gmt":"2019-02-10T18:33:23","guid":{"rendered":"http:\/\/vipsan-dizayn.com\/?page_id=91"},"modified":"2019-02-10T18:34:20","modified_gmt":"2019-02-10T18:34:20","slug":"yaptiklarimiz","status":"publish","type":"page","link":"https:\/\/vipsan-dizayn.com\/index.php\/yaptiklarimiz\/","title":{"rendered":"Yapt\u0131klar\u0131m\u0131z"},"content":{"rendered":"\n<ul class=\"wp-block-gallery columns-3 is-cropped\"><li class=\"blocks-gallery-item\"><figure><img loading=\"lazy\" width=\"1024\" height=\"768\" src=\"http:\/\/vipsan-dizayn.com\/wp-content\/uploads\/2019\/02\/IMG-20181029-WA0022-1-1024x768.jpg\" alt=\"\" data-id=\"92\" data-link=\"http:\/\/vipsan-dizayn.com\/?attachment_id=92\" class=\"wp-image-92\" srcset=\"https:\/\/vipsan-dizayn.com\/wp-content\/uploads\/2019\/02\/IMG-20181029-WA0022-1-1024x768.jpg 1024w, https:\/\/vipsan-dizayn.com\/wp-content\/uploads\/2019\/02\/IMG-20181029-WA0022-1-300x225.jpg 300w, https:\/\/vipsan-dizayn.com\/wp-content\/uploads\/2019\/02\/IMG-20181029-WA0022-1-768x576.jpg 768w, https:\/\/vipsan-dizayn.com\/wp-content\/uploads\/2019\/02\/IMG-20181029-WA0022-1.jpg 1600w\" sizes=\"(max-width: 1024px) 100vw, 1024px\" \/><\/figure><\/li><li class=\"blocks-gallery-item\"><figure><img loading=\"lazy\" width=\"1024\" height=\"768\" src=\"http:\/\/vipsan-dizayn.com\/wp-content\/uploads\/2019\/02\/IMG-20181029-WA0036-1-1024x768.jpg\" alt=\"\" data-id=\"94\" data-link=\"http:\/\/vipsan-dizayn.com\/?attachment_id=94\" class=\"wp-image-94\" srcset=\"https:\/\/vipsan-dizayn.com\/wp-content\/uploads\/2019\/02\/IMG-20181029-WA0036-1-1024x768.jpg 1024w, https:\/\/vipsan-dizayn.com\/wp-content\/uploads\/2019\/02\/IMG-20181029-WA0036-1-300x225.jpg 300w, https:\/\/vipsan-dizayn.com\/wp-content\/uploads\/2019\/02\/IMG-20181029-WA0036-1-768x576.jpg 768w, https:\/\/vipsan-dizayn.com\/wp-content\/uploads\/2019\/02\/IMG-20181029-WA0036-1.jpg 1600w\" sizes=\"(max-width: 1024px) 100vw, 1024px\" \/><\/figure><\/li><li class=\"blocks-gallery-item\"><figure><img loading=\"lazy\" width=\"1024\" height=\"768\" src=\"http:\/\/vipsan-dizayn.com\/wp-content\/uploads\/2019\/02\/IMG-20181029-WA0039-1-1024x768.jpg\" alt=\"\" data-id=\"95\" data-link=\"http:\/\/vipsan-dizayn.com\/?attachment_id=95\" class=\"wp-image-95\" srcset=\"https:\/\/vipsan-dizayn.com\/wp-content\/uploads\/2019\/02\/IMG-20181029-WA0039-1-1024x768.jpg 1024w, https:\/\/vipsan-dizayn.com\/wp-content\/uploads\/2019\/02\/IMG-20181029-WA0039-1-300x225.jpg 300w, https:\/\/vipsan-dizayn.com\/wp-content\/uploads\/2019\/02\/IMG-20181029-WA0039-1-768x576.jpg 768w, https:\/\/vipsan-dizayn.com\/wp-content\/uploads\/2019\/02\/IMG-20181029-WA0039-1.jpg 1600w\" sizes=\"(max-width: 1024px) 100vw, 1024px\" \/><\/figure><\/li><li class=\"blocks-gallery-item\"><figure><img loading=\"lazy\" width=\"1024\" height=\"768\" src=\"http:\/\/vipsan-dizayn.com\/wp-content\/uploads\/2019\/02\/IMG-20181029-WA0046-1-1024x768.jpg\" alt=\"\" data-id=\"96\" data-link=\"http:\/\/vipsan-dizayn.com\/?attachment_id=96\" class=\"wp-image-96\" srcset=\"https:\/\/vipsan-dizayn.com\/wp-content\/uploads\/2019\/02\/IMG-20181029-WA0046-1-1024x768.jpg 1024w, https:\/\/vipsan-dizayn.com\/wp-content\/uploads\/2019\/02\/IMG-20181029-WA0046-1-300x225.jpg 300w, https:\/\/vipsan-dizayn.com\/wp-content\/uploads\/2019\/02\/IMG-20181029-WA0046-1-768x576.jpg 768w, https:\/\/vipsan-dizayn.com\/wp-content\/uploads\/2019\/02\/IMG-20181029-WA0046-1.jpg 1600w\" sizes=\"(max-width: 1024px) 100vw, 1024px\" \/><\/figure><\/li><li class=\"blocks-gallery-item\"><figure><img loading=\"lazy\" width=\"1024\" height=\"768\" src=\"http:\/\/vipsan-dizayn.com\/wp-content\/uploads\/2019\/02\/IMG-20190209-WA0035-1-1024x768.jpg\" alt=\"\" data-id=\"97\" data-link=\"http:\/\/vipsan-dizayn.com\/?attachment_id=97\" class=\"wp-image-97\" srcset=\"https:\/\/vipsan-dizayn.com\/wp-content\/uploads\/2019\/02\/IMG-20190209-WA0035-1-1024x768.jpg 1024w, https:\/\/vipsan-dizayn.com\/wp-content\/uploads\/2019\/02\/IMG-20190209-WA0035-1-300x225.jpg 300w, https:\/\/vipsan-dizayn.com\/wp-content\/uploads\/2019\/02\/IMG-20190209-WA0035-1-768x576.jpg 768w, https:\/\/vipsan-dizayn.com\/wp-content\/uploads\/2019\/02\/IMG-20190209-WA0035-1.jpg 1600w\" sizes=\"(max-width: 1024px) 100vw, 1024px\" \/><\/figure><\/li><li class=\"blocks-gallery-item\"><figure><img loading=\"lazy\" width=\"1024\" height=\"768\" src=\"http:\/\/vipsan-dizayn.com\/wp-content\/uploads\/2019\/02\/IMG-20190209-WA0061-1-1024x768.jpg\" alt=\"\" data-id=\"98\" data-link=\"http:\/\/vipsan-dizayn.com\/?attachment_id=98\" class=\"wp-image-98\" srcset=\"https:\/\/vipsan-dizayn.com\/wp-content\/uploads\/2019\/02\/IMG-20190209-WA0061-1-1024x768.jpg 1024w, https:\/\/vipsan-dizayn.com\/wp-content\/uploads\/2019\/02\/IMG-20190209-WA0061-1-300x225.jpg 300w, https:\/\/vipsan-dizayn.com\/wp-content\/uploads\/2019\/02\/IMG-20190209-WA0061-1-768x576.jpg 768w, https:\/\/vipsan-dizayn.com\/wp-content\/uploads\/2019\/02\/IMG-20190209-WA0061-1.jpg 1600w\" sizes=\"(max-width: 1024px) 100vw, 1024px\" \/><\/figure><\/li><li class=\"blocks-gallery-item\"><figure><img loading=\"lazy\" width=\"1024\" height=\"768\" src=\"http:\/\/vipsan-dizayn.com\/wp-content\/uploads\/2019\/02\/IMG-20190209-WA0064-1-1024x768.jpg\" alt=\"\" data-id=\"99\" data-link=\"http:\/\/vipsan-dizayn.com\/?attachment_id=99\" class=\"wp-image-99\" srcset=\"https:\/\/vipsan-dizayn.com\/wp-content\/uploads\/2019\/02\/IMG-20190209-WA0064-1-1024x768.jpg 1024w, https:\/\/vipsan-dizayn.com\/wp-content\/uploads\/2019\/02\/IMG-20190209-WA0064-1-300x225.jpg 300w, https:\/\/vipsan-dizayn.com\/wp-content\/uploads\/2019\/02\/IMG-20190209-WA0064-1-768x576.jpg 768w, https:\/\/vipsan-dizayn.com\/wp-content\/uploads\/2019\/02\/IMG-20190209-WA0064-1.jpg 1600w\" sizes=\"(max-width: 1024px) 100vw, 1024px\" \/><\/figure><\/li><li class=\"blocks-gallery-item\"><figure><img loading=\"lazy\" width=\"1024\" height=\"768\" src=\"http:\/\/vipsan-dizayn.com\/wp-content\/uploads\/2019\/02\/IMG-20190209-WA0066-1-1024x768.jpg\" alt=\"\" data-id=\"100\" data-link=\"http:\/\/vipsan-dizayn.com\/?attachment_id=100\" class=\"wp-image-100\" srcset=\"https:\/\/vipsan-dizayn.com\/wp-content\/uploads\/2019\/02\/IMG-20190209-WA0066-1-1024x768.jpg 1024w, https:\/\/vipsan-dizayn.com\/wp-content\/uploads\/2019\/02\/IMG-20190209-WA0066-1-300x225.jpg 300w, https:\/\/vipsan-dizayn.com\/wp-content\/uploads\/2019\/02\/IMG-20190209-WA0066-1-768x576.jpg 768w, https:\/\/vipsan-dizayn.com\/wp-content\/uploads\/2019\/02\/IMG-20190209-WA0066-1.jpg 1600w\" sizes=\"(max-width: 1024px) 100vw, 1024px\" \/><\/figure><\/li><li class=\"blocks-gallery-item\"><figure><img loading=\"lazy\" width=\"1024\" height=\"614\" src=\"http:\/\/vipsan-dizayn.com\/wp-content\/uploads\/2019\/02\/IMG-20190209-WA0084-1-1024x614.jpg\" alt=\"\" data-id=\"101\" data-link=\"http:\/\/vipsan-dizayn.com\/?attachment_id=101\" class=\"wp-image-101\" srcset=\"https:\/\/vipsan-dizayn.com\/wp-content\/uploads\/2019\/02\/IMG-20190209-WA0084-1-1024x614.jpg 1024w, https:\/\/vipsan-dizayn.com\/wp-content\/uploads\/2019\/02\/IMG-20190209-WA0084-1-300x180.jpg 300w, https:\/\/vipsan-dizayn.com\/wp-content\/uploads\/2019\/02\/IMG-20190209-WA0084-1-768x461.jpg 768w, https:\/\/vipsan-dizayn.com\/wp-content\/uploads\/2019\/02\/IMG-20190209-WA0084-1.jpg 1600w\" sizes=\"(max-width: 1024px) 100vw, 1024px\" \/><\/figure><\/li><li class=\"blocks-gallery-item\"><figure><img loading=\"lazy\" width=\"1024\" height=\"614\" src=\"http:\/\/vipsan-dizayn.com\/wp-content\/uploads\/2019\/02\/IMG-20190209-WA0089-1-1024x614.jpg\" alt=\"\" data-id=\"102\" data-link=\"http:\/\/vipsan-dizayn.com\/?attachment_id=102\" class=\"wp-image-102\" srcset=\"https:\/\/vipsan-dizayn.com\/wp-content\/uploads\/2019\/02\/IMG-20190209-WA0089-1-1024x614.jpg 1024w, https:\/\/vipsan-dizayn.com\/wp-content\/uploads\/2019\/02\/IMG-20190209-WA0089-1-300x180.jpg 300w, https:\/\/vipsan-dizayn.com\/wp-content\/uploads\/2019\/02\/IMG-20190209-WA0089-1-768x461.jpg 768w, https:\/\/vipsan-dizayn.com\/wp-content\/uploads\/2019\/02\/IMG-20190209-WA0089-1.jpg 1600w\" sizes=\"(max-width: 1024px) 100vw, 1024px\" \/><\/figure><\/li><li class=\"blocks-gallery-item\"><figure><img loading=\"lazy\" width=\"1024\" height=\"614\" src=\"http:\/\/vipsan-dizayn.com\/wp-content\/uploads\/2019\/02\/IMG-20190209-WA0088-2-1024x614.jpg\" alt=\"\" data-id=\"103\" data-link=\"http:\/\/vipsan-dizayn.com\/?attachment_id=103\" class=\"wp-image-103\" srcset=\"https:\/\/vipsan-dizayn.com\/wp-content\/uploads\/2019\/02\/IMG-20190209-WA0088-2-1024x614.jpg 1024w, https:\/\/vipsan-dizayn.com\/wp-content\/uploads\/2019\/02\/IMG-20190209-WA0088-2-300x180.jpg 300w, https:\/\/vipsan-dizayn.com\/wp-content\/uploads\/2019\/02\/IMG-20190209-WA0088-2-768x461.jpg 768w, https:\/\/vipsan-dizayn.com\/wp-content\/uploads\/2019\/02\/IMG-20190209-WA0088-2.jpg 1600w\" sizes=\"(max-width: 1024px) 100vw, 1024px\" \/><\/figure><\/li><li class=\"blocks-gallery-item\"><figure><img loading=\"lazy\" width=\"1024\" height=\"683\" src=\"http:\/\/vipsan-dizayn.com\/wp-content\/uploads\/2019\/02\/IMG-20190209-WA0108-1-1024x683.jpg\" alt=\"\" data-id=\"104\" data-link=\"http:\/\/vipsan-dizayn.com\/?attachment_id=104\" class=\"wp-image-104\" srcset=\"https:\/\/vipsan-dizayn.com\/wp-content\/uploads\/2019\/02\/IMG-20190209-WA0108-1-1024x683.jpg 1024w, https:\/\/vipsan-dizayn.com\/wp-content\/uploads\/2019\/02\/IMG-20190209-WA0108-1-300x200.jpg 300w, https:\/\/vipsan-dizayn.com\/wp-content\/uploads\/2019\/02\/IMG-20190209-WA0108-1-768x512.jpg 768w, https:\/\/vipsan-dizayn.com\/wp-content\/uploads\/2019\/02\/IMG-20190209-WA0108-1.jpg 1486w\" sizes=\"(max-width: 1024px) 100vw, 1024px\" \/><\/figure><\/li><li class=\"blocks-gallery-item\"><figure><img loading=\"lazy\" width=\"1024\" height=\"683\" src=\"http:\/\/vipsan-dizayn.com\/wp-content\/uploads\/2019\/02\/IMG-20190209-WA0112-1-1024x683.jpg\" alt=\"\" data-id=\"105\" data-link=\"http:\/\/vipsan-dizayn.com\/?attachment_id=105\" class=\"wp-image-105\" srcset=\"https:\/\/vipsan-dizayn.com\/wp-content\/uploads\/2019\/02\/IMG-20190209-WA0112-1-1024x683.jpg 1024w, https:\/\/vipsan-dizayn.com\/wp-content\/uploads\/2019\/02\/IMG-20190209-WA0112-1-300x200.jpg 300w, https:\/\/vipsan-dizayn.com\/wp-content\/uploads\/2019\/02\/IMG-20190209-WA0112-1-768x512.jpg 768w, https:\/\/vipsan-dizayn.com\/wp-content\/uploads\/2019\/02\/IMG-20190209-WA0112-1.jpg 1500w\" sizes=\"(max-width: 1024px) 100vw, 1024px\" \/><\/figure><\/li><li class=\"blocks-gallery-item\"><figure><img loading=\"lazy\" width=\"1024\" height=\"683\" src=\"http:\/\/vipsan-dizayn.com\/wp-content\/uploads\/2019\/02\/IMG-20190209-WA0114-1-1024x683.jpg\" alt=\"\" data-id=\"106\" data-link=\"http:\/\/vipsan-dizayn.com\/?attachment_id=106\" class=\"wp-image-106\" srcset=\"https:\/\/vipsan-dizayn.com\/wp-content\/uploads\/2019\/02\/IMG-20190209-WA0114-1-1024x683.jpg 1024w, https:\/\/vipsan-dizayn.com\/wp-content\/uploads\/2019\/02\/IMG-20190209-WA0114-1-300x200.jpg 300w, https:\/\/vipsan-dizayn.com\/wp-content\/uploads\/2019\/02\/IMG-20190209-WA0114-1-768x512.jpg 768w, https:\/\/vipsan-dizayn.com\/wp-content\/uploads\/2019\/02\/IMG-20190209-WA0114-1.jpg 1500w\" sizes=\"(max-width: 1024px) 100vw, 1024px\" \/><\/figure><\/li><li class=\"blocks-gallery-item\"><figure><img loading=\"lazy\" width=\"1024\" height=\"683\" src=\"http:\/\/vipsan-dizayn.com\/wp-content\/uploads\/2019\/02\/IMG-20190209-WA0115-1-1024x683.jpg\" alt=\"\" data-id=\"107\" data-link=\"http:\/\/vipsan-dizayn.com\/?attachment_id=107\" class=\"wp-image-107\" srcset=\"https:\/\/vipsan-dizayn.com\/wp-content\/uploads\/2019\/02\/IMG-20190209-WA0115-1-1024x683.jpg 1024w, https:\/\/vipsan-dizayn.com\/wp-content\/uploads\/2019\/02\/IMG-20190209-WA0115-1-300x200.jpg 300w, https:\/\/vipsan-dizayn.com\/wp-content\/uploads\/2019\/02\/IMG-20190209-WA0115-1-768x512.jpg 768w, https:\/\/vipsan-dizayn.com\/wp-content\/uploads\/2019\/02\/IMG-20190209-WA0115-1.jpg 1500w\" sizes=\"(max-width: 1024px) 100vw, 1024px\" \/><\/figure><\/li><li class=\"blocks-gallery-item\"><figure><img loading=\"lazy\" width=\"1024\" height=\"614\" src=\"http:\/\/vipsan-dizayn.com\/wp-content\/uploads\/2019\/02\/IMG-20190209-WA0089-1024x614.jpg\" alt=\"\" data-id=\"53\" data-link=\"http:\/\/vipsan-dizayn.com\/img-20190209-wa0089\/\" class=\"wp-image-53\" srcset=\"https:\/\/vipsan-dizayn.com\/wp-content\/uploads\/2019\/02\/IMG-20190209-WA0089-1024x614.jpg 1024w, https:\/\/vipsan-dizayn.com\/wp-content\/uploads\/2019\/02\/IMG-20190209-WA0089-300x180.jpg 300w, https:\/\/vipsan-dizayn.com\/wp-content\/uploads\/2019\/02\/IMG-20190209-WA0089-768x461.jpg 768w, https:\/\/vipsan-dizayn.com\/wp-content\/uploads\/2019\/02\/IMG-20190209-WA0089.jpg 1600w\" sizes=\"(max-width: 1024px) 100vw, 1024px\" \/><\/figure><\/li><li class=\"blocks-gallery-item\"><figure><img loading=\"lazy\" width=\"614\" height=\"1024\" src=\"http:\/\/vipsan-dizayn.com\/wp-content\/uploads\/2019\/02\/IMG-20190209-WA0082-614x1024.jpg\" alt=\"\" data-id=\"46\" data-link=\"http:\/\/vipsan-dizayn.com\/img-20190209-wa0082\/\" class=\"wp-image-46\" srcset=\"https:\/\/vipsan-dizayn.com\/wp-content\/uploads\/2019\/02\/IMG-20190209-WA0082-614x1024.jpg 614w, https:\/\/vipsan-dizayn.com\/wp-content\/uploads\/2019\/02\/IMG-20190209-WA0082-180x300.jpg 180w, https:\/\/vipsan-dizayn.com\/wp-content\/uploads\/2019\/02\/IMG-20190209-WA0082-768x1280.jpg 768w, https:\/\/vipsan-dizayn.com\/wp-content\/uploads\/2019\/02\/IMG-20190209-WA0082.jpg 960w\" sizes=\"(max-width: 614px) 100vw, 614px\" \/><\/figure><\/li><li class=\"blocks-gallery-item\"><figure><img loading=\"lazy\" width=\"1024\" height=\"768\" src=\"http:\/\/vipsan-dizayn.com\/wp-content\/uploads\/2019\/02\/IMG-20181029-WA0039-1024x768.jpg\" alt=\"\" data-id=\"28\" data-link=\"http:\/\/vipsan-dizayn.com\/img-20181029-wa0039\/\" class=\"wp-image-28\" srcset=\"https:\/\/vipsan-dizayn.com\/wp-content\/uploads\/2019\/02\/IMG-20181029-WA0039-1024x768.jpg 1024w, https:\/\/vipsan-dizayn.com\/wp-content\/uploads\/2019\/02\/IMG-20181029-WA0039-300x225.jpg 300w, https:\/\/vipsan-dizayn.com\/wp-content\/uploads\/2019\/02\/IMG-20181029-WA0039-768x576.jpg 768w, https:\/\/vipsan-dizayn.com\/wp-content\/uploads\/2019\/02\/IMG-20181029-WA0039.jpg 1600w\" sizes=\"(max-width: 1024px) 100vw, 1024px\" \/><\/figure><\/li><\/ul>\n","protected":false},"excerpt":{"rendered":"","protected":false},"author":2,"featured_media":0,"parent":0,"menu_order":0,"comment_status":"closed","ping_status":"closed","template":"","meta":[],"_links":{"self":[{"href":"https:\/\/vipsan-dizayn.com\/index.php\/wp-json\/wp\/v2\/pages\/91"}],"collection":[{"href":"https:\/\/vipsan-dizayn.com\/index.php\/wp-json\/wp\/v2\/pages"}],"about":[{"href":"https:\/\/vipsan-dizayn.com\/index.php\/wp-json\/wp\/v2\/types\/page"}],"author":[{"embeddable":true,"href":"https:\/\/vipsan-dizayn.com\/index.php\/wp-json\/wp\/v2\/users\/2"}],"replies":[{"embeddable":true,"href":"https:\/\/vipsan-dizayn.com\/index.php\/wp-json\/wp\/v2\/comments?post=91"}],"version-history":[{"count":2,"href":"https:\/\/vipsan-dizayn.com\/index.php\/wp-json\/wp\/v2\/pages\/91\/revisions"}],"predecessor-version":[{"id":110,"href":"https:\/\/vipsan-dizayn.com\/index.php\/wp-json\/wp\/v2\/pages\/91\/revisions\/110"}],"wp:attachment":[{"href":"https:\/\/vipsan-dizayn.com\/index.php\/wp-json\/wp\/v2\/media?parent=91"}],"curies":[{"name":"wp","href":"https:\/\/api.w.org\/{rel}","templated":true}]}}